{"id":33197,"date":"2026-04-13T20:47:02","date_gmt":"2026-04-13T17:47:02","guid":{"rendered":"https:\/\/resale.ee\/?post_type=product&#038;p=33197"},"modified":"2026-04-13T20:51:40","modified_gmt":"2026-04-13T17:51:40","slug":"duca3","status":"publish","type":"product","link":"https:\/\/resale.ee\/en\/e-pood\/duca3\/","title":{"rendered":"ALOGIC DUCA3 Dock \u2013 USB-C Triple Display Dock, 130w laadija, \u00fchenduskaabel"},"content":{"rendered":"<p data-start=\"51\" data-end=\"367\"><strong>Dockiga on komplektis 130w laadija ja 1m USB-C kaabel. Kui soovid pikemat kaablit vali sobiv kaabli pikkus toote juurest.<\/strong><\/p>\n<p data-start=\"50\" data-end=\"373\"><strong data-start=\"50\" data-end=\"66\">ALOGIC DUCA3 <\/strong>on v\u00f5imekas USB-C dokkimisjaam kasutajale, kes soovib \u00fchendada s\u00fclearvuti \u00fche kaabliga t\u00e4isv\u00e4\u00e4rtuslikuks t\u00f6\u00f6jaamaks. See dock sobib suurep\u00e4raselt kontorisse ja kodukontorisse, kus on vaja mitut monitori, kiireid USB-porte, v\u00f5rgu\u00fchendust ning laadimist korraga.<\/p>\n<p data-start=\"375\" data-end=\"554\">Suur eelis on <strong data-start=\"389\" data-end=\"412\">kolme monitori tugi<\/strong>, kuni <strong data-start=\"419\" data-end=\"437\">100W laadimine<\/strong> ning v\u00e4ga lai portide valik. \u00dcks kaabel lauale \u2013 k\u00f5ik muu \u00fchendub docki kaudu.<\/p>\n<h2 data-section-id=\"1qzgqie\" data-start=\"556\" data-end=\"578\">Pordid ja \u00fchendused<\/h2>\n<div class=\"TyagGW_tableContainer\">\n<div class=\"group TyagGW_tableWrapper flex flex-col-reverse w-fit\" tabindex=\"-1\">\n<table class=\"w-fit min-w-(--thread-content-width)\" data-start=\"580\" data-end=\"848\">\n<thead data-start=\"580\" data-end=\"596\">\n<tr data-start=\"580\" data-end=\"596\">\n<th class=\"\" data-start=\"580\" data-end=\"587\" data-col-size=\"sm\">Port<\/th>\n<th class=\"\" data-start=\"587\" data-end=\"596\" data-col-size=\"sm\">Kogus<\/th>\n<\/tr>\n<\/thead>\n<tbody data-start=\"608\" data-end=\"848\">\n<tr data-start=\"608\" data-end=\"634\">\n<td data-start=\"608\" data-end=\"629\" data-col-size=\"sm\">USB-C host \u00fchendus<\/td>\n<td data-col-size=\"sm\" data-start=\"629\" data-end=\"634\">1<\/td>\n<\/tr>\n<tr data-start=\"635\" data-end=\"658\">\n<td data-start=\"635\" data-end=\"653\" data-col-size=\"sm\">DisplayPort 1.4<\/td>\n<td data-col-size=\"sm\" data-start=\"653\" data-end=\"658\">2<\/td>\n<\/tr>\n<tr data-start=\"659\" data-end=\"675\">\n<td data-start=\"659\" data-end=\"670\" data-col-size=\"sm\">HDMI 2.0<\/td>\n<td data-col-size=\"sm\" data-start=\"670\" data-end=\"675\">1<\/td>\n<\/tr>\n<tr data-start=\"676\" data-end=\"708\">\n<td data-start=\"676\" data-end=\"703\" data-col-size=\"sm\">USB-C 3.1 Gen 2 (10Gbps)<\/td>\n<td data-col-size=\"sm\" data-start=\"703\" data-end=\"708\">2<\/td>\n<\/tr>\n<tr data-start=\"709\" data-end=\"732\">\n<td data-start=\"709\" data-end=\"727\" data-col-size=\"sm\">USB-A 3.1 Gen 1<\/td>\n<td data-col-size=\"sm\" data-start=\"727\" data-end=\"732\">2<\/td>\n<\/tr>\n<tr data-start=\"733\" data-end=\"750\">\n<td data-start=\"733\" data-end=\"745\" data-col-size=\"sm\">USB-A 2.0<\/td>\n<td data-col-size=\"sm\" data-start=\"745\" data-end=\"750\">2<\/td>\n<\/tr>\n<tr data-start=\"751\" data-end=\"776\">\n<td data-start=\"751\" data-end=\"771\" data-col-size=\"sm\">RJ-45 LAN (1Gbps)<\/td>\n<td data-col-size=\"sm\" data-start=\"771\" data-end=\"776\">1<\/td>\n<\/tr>\n<tr data-start=\"777\" data-end=\"803\">\n<td data-start=\"777\" data-end=\"798\" data-col-size=\"sm\">3.5 mm audio combo<\/td>\n<td data-col-size=\"sm\" data-start=\"798\" data-end=\"803\">1<\/td>\n<\/tr>\n<tr data-start=\"804\" data-end=\"827\">\n<td data-start=\"804\" data-end=\"822\" data-col-size=\"sm\">SD kaardilugeja<\/td>\n<td data-col-size=\"sm\" data-start=\"822\" data-end=\"827\">1<\/td>\n<\/tr>\n<tr data-start=\"828\" data-end=\"848\">\n<td data-start=\"828\" data-end=\"843\" data-col-size=\"sm\">Toite sisend<\/td>\n<td data-col-size=\"sm\" data-start=\"843\" data-end=\"848\">1<\/td>\n<\/tr>\n<\/tbody>\n<\/table>\n<\/div>\n<\/div>\n<p data-start=\"850\" data-end=\"887\">\n<h2 data-section-id=\"47i9cv\" data-start=\"889\" data-end=\"925\">Monitoride tugi (tehase andmetel)<\/h2>\n<div class=\"TyagGW_tableContainer\">\n<div class=\"group TyagGW_tableWrapper flex flex-col-reverse w-fit\" tabindex=\"-1\">\n<table class=\"w-fit min-w-(--thread-content-width)\" data-start=\"927\" data-end=\"1108\">\n<thead data-start=\"927\" data-end=\"960\">\n<tr data-start=\"927\" data-end=\"960\">\n<th class=\"\" data-start=\"927\" data-end=\"939\" data-col-size=\"sm\">Seadistus<\/th>\n<th class=\"\" data-start=\"939\" data-end=\"960\" data-col-size=\"sm\">Maksimaalne tugi*<\/th>\n<\/tr>\n<\/thead>\n<tbody data-start=\"971\" data-end=\"1108\">\n<tr data-start=\"971\" data-end=\"1001\">\n<td data-start=\"971\" data-end=\"983\" data-col-size=\"sm\">1 monitor<\/td>\n<td data-start=\"983\" data-end=\"1001\" data-col-size=\"sm\">kuni 4K @ 60Hz<\/td>\n<\/tr>\n<tr data-start=\"1002\" data-end=\"1037\">\n<td data-start=\"1002\" data-end=\"1015\" data-col-size=\"sm\">2 monitori<\/td>\n<td data-col-size=\"sm\" data-start=\"1015\" data-end=\"1037\">kuni 2 \u00d7 4K @ 60Hz<\/td>\n<\/tr>\n<tr data-start=\"1038\" data-end=\"1073\">\n<td data-start=\"1038\" data-end=\"1051\" data-col-size=\"sm\">3 monitori<\/td>\n<td data-col-size=\"sm\" data-start=\"1051\" data-end=\"1073\">kuni 3 \u00d7 4K @ 30Hz<\/td>\n<\/tr>\n<tr data-start=\"1074\" data-end=\"1108\">\n<td data-start=\"1074\" data-end=\"1103\" data-col-size=\"sm\">Maksimaalne monitoride arv<\/td>\n<td data-col-size=\"sm\" data-start=\"1103\" data-end=\"1108\">3<\/td>\n<\/tr>\n<\/tbody>\n<\/table>\n<\/div>\n<\/div>\n<p data-start=\"1110\" data-end=\"1147\">\n<p data-start=\"1149\" data-end=\"1435\">* Maksimaalne tulemus eeldab arvutit, mille USB-C port toetab DisplayPort 1.4 HBR3 + DSC funktsioone. M\u00f5ne s\u00fclearvutiga v\u00f5ivad resolutsioonid v\u00f5i monitoride arv olla piiratud. MacOS-il v\u00f5ib mitme v\u00e4lise monitori tugi s\u00f5ltuda konkreetsest mudelist.<\/p>\n<h2 data-section-id=\"152gi3h\" data-start=\"1437\" data-end=\"1470\">Miks valida ALOGIC DUCA3 dock?<\/h2>\n<ul data-start=\"1472\" data-end=\"1718\">\n<li data-section-id=\"8gmnzx\" data-start=\"1472\" data-end=\"1502\">Toetab kuni kolme monitori<\/li>\n<li data-section-id=\"1mv9650\" data-start=\"1503\" data-end=\"1543\">Kuni dual 4K 60Hz v\u00f5i triple 4K 30Hz<\/li>\n<li data-section-id=\"i0r9l7\" data-start=\"1544\" data-end=\"1573\">100W s\u00fclearvuti laadimine<\/li>\n<li data-section-id=\"143ljmp\" data-start=\"1574\" data-end=\"1607\">Kiired USB-C 10Gbps \u00fchendused<\/li>\n<li data-section-id=\"7gmfyy\" data-start=\"1608\" data-end=\"1647\">LAN \u00fchendus stabiilseks internetiks<\/li>\n<li data-section-id=\"wlt3vj\" data-start=\"1648\" data-end=\"1682\">SD kaardilugeja lisamugavuseks<\/li>\n<li data-section-id=\"miuxbv\" data-start=\"1683\" data-end=\"1718\">\u00dcks kaabel \u00fchendab kogu t\u00f6\u00f6koha<\/li>\n<\/ul>\n<p data-start=\"1720\" data-end=\"1828\">Kui otsid universaalset ja v\u00f5imekat USB-C docki, siis <strong data-start=\"1774\" data-end=\"1790\">ALOGIC DUCA3<\/strong> on v\u00e4ga hea valik nii t\u00f6\u00f6le kui koju.<\/p>","protected":false},"excerpt":{"rendered":"<p>Dockiga on komplektis 130w laadija ja 1m USB-C kaabel. Kui soovid pikemat kaablit vali sobiv kaabli pikkus toote juurest. ALOGIC DUCA3 on v\u00f5imekas USB-C dokkimisjaam kasutajale, kes soovib \u00fchendada s\u00fclearvuti \u00fche kaabliga t\u00e4isv\u00e4\u00e4rtuslikuks t\u00f6\u00f6jaamaks. See dock sobib suurep\u00e4raselt kontorisse ja kodukontorisse, kus on vaja mitut monitori, kiireid USB-porte, v\u00f5rgu\u00fchendust ning laadimist korraga. Suur eelis on [&hellip;]<\/p>\n","protected":false},"featured_media":33198,"template":"","meta":{"inline_featured_image":false,"advanced_seo_description":"","jetpack_seo_html_title":"","jetpack_seo_noindex":false,"jetpack_post_was_ever_published":false},"product_brand":[],"product_cat":[821,202],"product_tag":[],"class_list":{"0":"post-33197","1":"product","2":"type-product","3":"status-publish","4":"has-post-thumbnail","6":"product_cat-dockid","7":"product_cat-lisad","9":"first","10":"instock","11":"taxable","12":"shipping-taxable","13":"purchasable","14":"product-type-simple"},"jetpack_likes_enabled":false,"jetpack_sharing_enabled":true,"_links":{"self":[{"href":"https:\/\/resale.ee\/en\/wp-json\/wp\/v2\/product\/33197","targetHints":{"allow":["GET"]}}],"collection":[{"href":"https:\/\/resale.ee\/en\/wp-json\/wp\/v2\/product"}],"about":[{"href":"https:\/\/resale.ee\/en\/wp-json\/wp\/v2\/types\/product"}],"version-history":[{"count":0,"href":"https:\/\/resale.ee\/en\/wp-json\/wp\/v2\/product\/33197\/revisions"}],"wp:featuredmedia":[{"embeddable":true,"href":"https:\/\/resale.ee\/en\/wp-json\/wp\/v2\/media\/33198"}],"wp:attachment":[{"href":"https:\/\/resale.ee\/en\/wp-json\/wp\/v2\/media?parent=33197"}],"wp:term":[{"taxonomy":"product_brand","embeddable":true,"href":"https:\/\/resale.ee\/en\/wp-json\/wp\/v2\/product_brand?post=33197"},{"taxonomy":"product_cat","embeddable":true,"href":"https:\/\/resale.ee\/en\/wp-json\/wp\/v2\/product_cat?post=33197"},{"taxonomy":"product_tag","embeddable":true,"href":"https:\/\/resale.ee\/en\/wp-json\/wp\/v2\/product_tag?post=33197"}],"curies":[{"name":"wp","href":"https:\/\/api.w.org\/{rel}","templated":true}]}}